{"id":1970,"date":"2024-10-03T16:49:09","date_gmt":"2024-10-03T14:49:09","guid":{"rendered":"https:\/\/stoltenberg-partner.com\/?page_id=1970"},"modified":"2024-10-07T19:02:31","modified_gmt":"2024-10-07T17:02:31","slug":"in-action","status":"publish","type":"page","link":"https:\/\/stoltenberg-partner.com\/de\/in-action\/","title":{"rendered":"In action"},"content":{"rendered":"<div  class='hr av-5see9z-3e601dd40c55048fff7cdc8b7391c502 hr-default  avia-builder-el-0  el_before_av_heading  avia-builder-el-first '><span class='hr-inner '><span class=\"hr-inner-style\"><\/span><\/span><\/div>\n\n<style type=\"text\/css\" data-created_by=\"avia_inline_auto\" id=\"style-css-av-m1enl7ql-c9f3b52f5d23fcddc41b172882f07c90\">\n#top .av-special-heading.av-m1enl7ql-c9f3b52f5d23fcddc41b172882f07c90{\npadding-bottom:10px;\n}\nbody .av-special-heading.av-m1enl7ql-c9f3b52f5d23fcddc41b172882f07c90 .av-special-heading-tag .heading-char{\nfont-size:25px;\n}\n.av-special-heading.av-m1enl7ql-c9f3b52f5d23fcddc41b172882f07c90 .av-subheading{\nfont-size:15px;\n}\n<\/style>\n<div id='4672b4e7a2587ebd8d08e375d7ff4a33' class='av-special-heading av-m1enl7ql-c9f3b52f5d23fcddc41b172882f07c90 av-special-heading-h2 blockquote modern-quote  avia-builder-el-1  el_after_av_hr  el_before_av_hr '><h2 class='av-special-heading-tag'  itemprop=\"headline\"  >Was unsere Kunden \u00fcber uns sagen<\/h2><div class=\"special-heading-border\"><div class=\"special-heading-inner-border\"><\/div><\/div><\/div>\n<div  class='hr av-1v9dlz-a0cf7fd7bbd2cebfbb4fd57b795bab57 hr-default  avia-builder-el-2  el_after_av_heading  el_before_av_one_half '><span class='hr-inner '><span class=\"hr-inner-style\"><\/span><\/span><\/div>\n\n<style type=\"text\/css\" data-created_by=\"avia_inline_auto\" id=\"style-css-av-m1emystw-2d180c4f299d4360e537e06d3f5e561c\">\n.flex_column.av-m1emystw-2d180c4f299d4360e537e06d3f5e561c{\nborder-radius:0px 0px 0px 0px;\npadding:0px 0px 0px 0px;\n}\n<\/style>\n<div  class='flex_column av-m1emystw-2d180c4f299d4360e537e06d3f5e561c av_one_half  avia-builder-el-3  el_after_av_hr  el_before_av_one_half  first flex_column_div av-zero-column-padding  '     ><section  class='av_textblock_section av-m1eq0wxm-f4b6ffa34d33b4ce336930070ec0c9d9 '   itemscope=\"itemscope\" itemtype=\"https:\/\/schema.org\/CreativeWork\" ><div class='avia_textblock'  itemprop=\"text\" ><blockquote>\n<h3><em>&#8222;Als HR Leiter ad interim hat Dirk Stoltenberg die Personalabteilung von Worldline Schweiz innerhalb von 8 Monaten reorganisiert und fachlich auf ein v\u00f6llig neues Niveau gebracht. Gleichzeitig koordinierte er erfolgreich ein Restrukturierungsprogramm, bei dem der Personalbestand sozialvertr\u00e4glich verkleinert wurde. Dirk ist ein Experte auf seinem Gebiet und zeichnet sich durch sein strukturiertes Vorgehen, seine hohe Effizienz und seine hervorragende Zusammenarbeit mit den verschiedenen Stakeholdern aus. Es war ein Vergn\u00fcgen, mit ihm zusammenzuarbeiten, und ich kann ihn k\u00fcnftigen Kunden w\u00e4rmstens empfehlen.&#8220;<\/em><\/h3>\n<\/blockquote>\n<h6><span style=\"font-size: 12pt;\">Marc Schluep<br \/>\nManaging Director Switzerland &amp;<br \/>\n<\/span><span style=\"font-size: 12pt;\">Global Head of Strategy Merchant Services at Worldline Global<br \/>\n<\/span><\/h6>\n<\/div><\/section><br \/>\n<div  class='hr av-2gb1uf-ef1d9624c23b3c102b779b78d3cc6b98 hr-default  avia-builder-el-5  el_after_av_textblock  el_before_av_textblock '><span class='hr-inner '><span class=\"hr-inner-style\"><\/span><\/span><\/div><br \/>\n<section  class='av_textblock_section av-m1eqauye-1b3120528dfdbe51f2f7fb051e86d21e '   itemscope=\"itemscope\" itemtype=\"https:\/\/schema.org\/CreativeWork\" ><div class='avia_textblock'  itemprop=\"text\" ><blockquote>\n<h3><em>&#8222;Dirk hat einen sehr starken HR-Hintergrund, der auf einem ausgepr\u00e4gten Gesch\u00e4ftsverst\u00e4ndnis und datenorientierter F\u00fchrung beruht. Er leitet operative Auswirkungen aus strategischem und gesch\u00e4ftlichem Scharfsinn ab, wei\u00df, wie wichtig es ist, sich mit seinen Stakeholdern abzustimmen, und vertritt gleichzeitig starke Standpunkte. Er ist offen und direkt, was bedeutet, dass man sich ein klares Bild von seiner Sicht der Herausforderungen und M\u00f6glichkeiten machen kann. Er verf\u00fcgt \u00fcber sehr gute Umsetzungsf\u00e4higkeiten und f\u00fchlt sich in einem Umfeld wohl, in dem er etwas bewirken kann. Dirk begann die HR-Transformationsreise f\u00fcr uns in Deutschland. Er war Teil des globalen HR- Leiterforums und hat sich in diesem Kontext gut eingebracht. Ich habe gerne mit Dirk zusammengearbeitet und kann ihn nur w\u00e4rmstens empfehlen.&#8220;<\/em><\/h3>\n<\/blockquote>\n<h6><span style=\"font-size: 12pt;\">Anne Bournfeld<br \/>\nHR Director for Global HR Business Partnering &amp;<br \/>\nCorporate Support Functions<\/span><\/h6>\n<\/div><\/section><br \/>\n<div  class='hr av-3rlapj-acdf38d08ef0ca3209ea595a97534ea4 hr-default  avia-builder-el-7  el_after_av_textblock  avia-builder-el-last '><span class='hr-inner '><span class=\"hr-inner-style\"><\/span><\/span><\/div><\/p><\/div>\n<style type=\"text\/css\" data-created_by=\"avia_inline_auto\" id=\"style-css-av-3aol4n-1d2ff98c5681f1c97d175e246bdf6562\">\n.flex_column.av-3aol4n-1d2ff98c5681f1c97d175e246bdf6562{\nborder-radius:0px 0px 0px 0px;\npadding:0px 0px 0px 0px;\n}\n<\/style>\n<div  class='flex_column av-3aol4n-1d2ff98c5681f1c97d175e246bdf6562 av_one_half  avia-builder-el-8  el_after_av_one_half  el_before_av_hr  flex_column_div av-zero-column-padding  '     ><section  class='av_textblock_section av-m1en1vpu-7d2af5c70e39a665cdebb00103411a3b '   itemscope=\"itemscope\" itemtype=\"https:\/\/schema.org\/CreativeWork\" ><div class='avia_textblock'  itemprop=\"text\" ><blockquote>\n<h3><em>&#8222;Dirk hat durch die Unterst\u00fctzung unserer Ver\u00e4nderung ma\u00dfgeblich dazu beigetragen, dass wir den R\u00fcckgang der Gewinnmarge in der Wachstumsphase stoppen und unser Ergebnis wieder auf fr\u00fchere Rekordwerte steigern konnten. Ich danke ihm pers\u00f6nlich und im Namen der Klinik f\u00fcr seine Hilfe bei der Identifizierung von wichtigen Ineffizienzen, Kostentreibern und zu behebenden Schwachstellen, zum Beispiel in der Organisation und im Management, sowie f\u00fcr seine aktive Unterst\u00fctzung bei der Umsetzung.<br \/>\nAls Gr\u00fcnder und Leiter der Klinik war es f\u00fcr mich in dieser Phase besonders wichtig, in Dirk einen ehrlichen und neutralen Sparringspartner zu haben. Durch die sehr pers\u00f6nlichen und schonungslosen R\u00fcckmeldungen und Gespr\u00e4che mit Dirk konnte ich Herausforderungen teilen und mich in meiner F\u00fchrungsarbeit weiterentwickeln, sowie eine notwendige breitere Abst\u00fctzung der Verantwortung zulassen und organisatorisch umsetzen. Da Dirk sehr aktiv mit F\u00fchrungskr\u00e4ften und Mitarbeitern z.B. in Workshops und im direkten Austausch war, fiel auf, dass er schon nach kurzer Zeit fast wie ein fester Bestandteil unserer Klinik und meist selbstst\u00e4ndig im Sinne unseres Auftrages agierte und uns jederzeit auf dem Laufenden hielt.<br \/>\nWir haben unsere finanzielle St\u00e4rke und unser profitables Wachstum zur\u00fcckgewonnen. Dar\u00fcber hinaus sind wir ein noch effizienteres Team geworden und haben ein Management entwickelt, das sich um die Kostentreiber in der Organisation k\u00fcmmert und profitables Wachstum unterst\u00fctzt.&#8220;<\/em><\/h3>\n<\/blockquote>\n<h6><span style=\"font-size: 12pt;\"> Dr.Dr. Andreas Dorow<br \/>\nDorow Clinic &#8211; Founder &amp; managing Partner<br \/>\n<\/span><\/h6>\n<\/div><\/section><\/div><div  class='hr av-101p3-91b017387e16d0392c26eec3f1ab9d6f hr-default  avia-builder-el-10  el_after_av_one_half  el_before_av_hr '><span class='hr-inner '><span class=\"hr-inner-style\"><\/span><\/span><\/div><\/p>\n<div  class='hr av-2nk3zr-b35c456bb00cf97952a3d8ee2aaa6df9 hr-default  avia-builder-el-11  el_after_av_hr  avia-builder-el-last '><span class='hr-inner '><span class=\"hr-inner-style\"><\/span><\/span><\/div>\n","protected":false},"excerpt":{"rendered":"","protected":false},"author":3,"featured_media":0,"parent":0,"menu_order":0,"comment_status":"closed","ping_status":"closed","template":"","meta":{"footnotes":""},"class_list":["post-1970","page","type-page","status-publish","hentry"],"acf":[],"_links":{"self":[{"href":"https:\/\/stoltenberg-partner.com\/de\/wp-json\/wp\/v2\/pages\/1970","targetHints":{"allow":["GET"]}}],"collection":[{"href":"https:\/\/stoltenberg-partner.com\/de\/wp-json\/wp\/v2\/pages"}],"about":[{"href":"https:\/\/stoltenberg-partner.com\/de\/wp-json\/wp\/v2\/types\/page"}],"author":[{"embeddable":true,"href":"https:\/\/stoltenberg-partner.com\/de\/wp-json\/wp\/v2\/users\/3"}],"replies":[{"embeddable":true,"href":"https:\/\/stoltenberg-partner.com\/de\/wp-json\/wp\/v2\/comments?post=1970"}],"version-history":[{"count":4,"href":"https:\/\/stoltenberg-partner.com\/de\/wp-json\/wp\/v2\/pages\/1970\/revisions"}],"predecessor-version":[{"id":1991,"href":"https:\/\/stoltenberg-partner.com\/de\/wp-json\/wp\/v2\/pages\/1970\/revisions\/1991"}],"wp:attachment":[{"href":"https:\/\/stoltenberg-partner.com\/de\/wp-json\/wp\/v2\/media?parent=1970"}],"curies":[{"name":"wp","href":"https:\/\/api.w.org\/{rel}","templated":true}]}}