{"id":1568,"date":"2023-05-19T17:13:20","date_gmt":"2023-05-19T15:13:20","guid":{"rendered":"https:\/\/stoltenberg-partner.com\/?page_id=1568"},"modified":"2023-12-14T17:02:07","modified_gmt":"2023-12-14T16:02:07","slug":"home","status":"publish","type":"page","link":"https:\/\/stoltenberg-partner.com\/de\/home\/","title":{"rendered":"Home"},"content":{"rendered":"<div id='full_slider_1'  class='avia-fullwidth-slider main_color avia-shadow   avia-builder-el-0  el_before_av_section  avia-builder-el-first   container_wrap sidebar_right'  >\n<style type=\"text\/css\" data-created_by=\"avia_inline_auto\" id=\"style-css-av-dvzc7-560d801c0aa59453725d746a6d8866ad\">\n#top #wrap_all .avia-slideshow .av-slideshow-caption.av-dvzc7-560d801c0aa59453725d746a6d8866ad__0 .avia-caption-title{\nfont-size:35px;\n}\n#top .avia-slideshow .av-slideshow-caption.av-dvzc7-560d801c0aa59453725d746a6d8866ad__0 .avia-caption-content{\nfont-size:40px;\n}\n#top .avia-slideshow .av-slideshow-caption.av-dvzc7-560d801c0aa59453725d746a6d8866ad__0 .avia-caption-content p{\nfont-size:40px;\n}\n<\/style>\n<div  class='avia-slideshow av-dvzc7-560d801c0aa59453725d746a6d8866ad avia-slideshow-featured_large av_slideshow_full avia-fade-slider av-slideshow-ui av-control-default av-slideshow-manual av-loop-once av-loop-manual-endless av-default-height-applied   avia-slideshow-1' data-slideshow-options=\"{&quot;animation&quot;:&quot;fade&quot;,&quot;autoplay&quot;:false,&quot;loop_autoplay&quot;:&quot;once&quot;,&quot;interval&quot;:5,&quot;loop_manual&quot;:&quot;manual-endless&quot;,&quot;autoplay_stopper&quot;:false,&quot;noNavigation&quot;:false,&quot;bg_slider&quot;:false,&quot;keep_padding&quot;:false,&quot;hoverpause&quot;:false,&quot;show_slide_delay&quot;:0}\"  itemprop=\"image\" itemscope=\"itemscope\" itemtype=\"https:\/\/schema.org\/ImageObject\" ><ul class='avia-slideshow-inner ' style='padding-bottom: 42%;'><li  class='avia-slideshow-slide av-dvzc7-560d801c0aa59453725d746a6d8866ad__0  av-single-slide slide-1 slide-odd'><div data-rel='slideshow-1' class='avia-slide-wrap '   ><div class='av-slideshow-caption av-dvzc7-560d801c0aa59453725d746a6d8866ad__0 caption_fullwidth caption_right'><div class=\"container caption_container\"><div class=\"slideshow_caption\"><div class=\"slideshow_inner_caption\"><div class=\"slideshow_align_caption\"><h2 class='avia-caption-title '  itemprop=\"name\" >International Interim Management &amp; HR-Consulting<\/h2><\/div><\/div><\/div><\/div><\/div><img decoding=\"async\" class=\"wp-image-1543 avia-img-lazy-loading-not-1543\"  src=\"https:\/\/stoltenberg-partner.com\/wp-content\/uploads\/2023\/06\/stoltenberg-und-partner-Mann-Treppe-1500x630.jpg\" width=\"1500\" height=\"630\" title='stoltenberg-und-partner-Mann-Treppe' alt=''  itemprop=\"thumbnailUrl\"  style='min-height:450px; min-width:1072px; ' \/><\/div><\/li><\/ul><\/div><\/div>\n\n<style type=\"text\/css\" data-created_by=\"avia_inline_auto\" id=\"style-css-av-3lzw6v-4a9f7183a096c17b37d8e9f0f19e3417\">\n.avia-section.av-3lzw6v-4a9f7183a096c17b37d8e9f0f19e3417{\nbackground-color:#b1d4e3;\nbackground-image:unset;\n}\n<\/style>\n<div id='av_section_1'  class='avia-section av-3lzw6v-4a9f7183a096c17b37d8e9f0f19e3417 main_color avia-section-default avia-no-border-styling  avia-builder-el-1  el_after_av_slideshow_full  avia-builder-el-last  avia-bg-style-scroll container_wrap sidebar_right'  ><div class='container av-section-cont-open' ><div class='template-page content  av-content-small alpha units'><div class='post-entry post-entry-type-page post-entry-1568'><div class='entry-content-wrapper clearfix'>\n<div class='flex_column_table av-cc7mf-6ddfe2adf42c55bf86ff1b4f7b34f378 sc-av_one_half av-break-at-tablet-flextable av-equal-height-column-flextable'>\n<style type=\"text\/css\" data-created_by=\"avia_inline_auto\" id=\"style-css-av-cc7mf-6ddfe2adf42c55bf86ff1b4f7b34f378\">\n.flex_column.av-cc7mf-6ddfe2adf42c55bf86ff1b4f7b34f378{\nborder-radius:0px 0px 0px 0px;\npadding:50px 50px 50px 50px;\n}\n<\/style>\n<div  class='flex_column av-cc7mf-6ddfe2adf42c55bf86ff1b4f7b34f378 av_one_half  avia-builder-el-2  el_before_av_one_half  avia-builder-el-first  first av-break-at-tablet flex_column_table_cell av-equal-height-column av-align-middle  '     ><p>\n<style type=\"text\/css\" data-created_by=\"avia_inline_auto\" id=\"style-css-av-38dy2n-985fb4519cfbdedb3b210e272391237a\">\n#top .av-special-heading.av-38dy2n-985fb4519cfbdedb3b210e272391237a{\npadding-bottom:10px;\n}\nbody .av-special-heading.av-38dy2n-985fb4519cfbdedb3b210e272391237a .av-special-heading-tag .heading-char{\nfont-size:25px;\n}\n.av-special-heading.av-38dy2n-985fb4519cfbdedb3b210e272391237a .av-subheading{\nfont-size:15px;\n}\n<\/style>\n<div id='34e7355581497ee2ff0427659971b739' class='av-special-heading av-38dy2n-985fb4519cfbdedb3b210e272391237a av-special-heading-h2 blockquote modern-quote  avia-builder-el-3  el_before_av_hr  avia-builder-el-first '><h2 class='av-special-heading-tag'  itemprop=\"headline\"  >Tragen Sie viel Verantwortung? Wollen Sie sich die Dinge einfacher machen?<\/h2><div class=\"special-heading-border\"><div class=\"special-heading-inner-border\"><\/div><\/div><\/div><br \/>\n\n<style type=\"text\/css\" data-created_by=\"avia_inline_auto\" id=\"style-css-av-33x7t3-548f9ddcf199ad18d75364def8e13fb0\">\n#top .hr.hr-invisible.av-33x7t3-548f9ddcf199ad18d75364def8e13fb0{\nheight:30px;\n}\n<\/style>\n<div  class='hr av-33x7t3-548f9ddcf199ad18d75364def8e13fb0 hr-invisible  avia-builder-el-4  el_after_av_heading  el_before_av_heading '><span class='hr-inner '><span class=\"hr-inner-style\"><\/span><\/span><\/div><br \/>\n\n<style type=\"text\/css\" data-created_by=\"avia_inline_auto\" id=\"style-css-av-2z2pef-5a6f2ede1344122266e72a82a9b37605\">\n#top .av-special-heading.av-2z2pef-5a6f2ede1344122266e72a82a9b37605{\npadding-bottom:10px;\n}\nbody .av-special-heading.av-2z2pef-5a6f2ede1344122266e72a82a9b37605 .av-special-heading-tag .heading-char{\nfont-size:25px;\n}\n.av-special-heading.av-2z2pef-5a6f2ede1344122266e72a82a9b37605 .av-subheading{\nfont-size:15px;\n}\n<\/style>\n<div id='1c1e43525e76b68c867e036bfd7a9efd' class='av-special-heading av-2z2pef-5a6f2ede1344122266e72a82a9b37605 av-special-heading-h2 blockquote modern-quote  avia-builder-el-5  el_after_av_hr  avia-builder-el-last '><h2 class='av-special-heading-tag'  itemprop=\"headline\"  >Wie w\u00e4re es, wenn Sie die <span style=\"color: #ffffff;\">komplexen Probleme zeitweise an jemanden delegieren,<\/span> der Ihre Idee in die Tat umsetzt?<\/h2><div class=\"special-heading-border\"><div class=\"special-heading-inner-border\"><\/div><\/div><\/div><\/p><\/div><div class='av-flex-placeholder'><\/div>\n<style type=\"text\/css\" data-created_by=\"avia_inline_auto\" id=\"style-css-av-2t5lbz-d6876ba85e1bbf12b2b0713c5e1e35c8\">\n.flex_column.av-2t5lbz-d6876ba85e1bbf12b2b0713c5e1e35c8{\nborder-radius:0px 0px 0px 0px;\npadding:0px 0px 0px 0px;\n}\n<\/style>\n<div  class='flex_column av-2t5lbz-d6876ba85e1bbf12b2b0713c5e1e35c8 av_one_half  avia-builder-el-6  el_after_av_one_half  el_before_av_hr  av-break-at-tablet flex_column_table_cell av-equal-height-column av-align-middle av-zero-column-padding  '     ><style type=\"text\/css\" data-created_by=\"avia_inline_auto\" id=\"style-css-av-2kgas7-18cbcb22a8da463253a28733168032e0\">\n.avia-image-container.av-2kgas7-18cbcb22a8da463253a28733168032e0 img.avia_image{\nbox-shadow:none;\n}\n.avia-image-container.av-2kgas7-18cbcb22a8da463253a28733168032e0 .av-image-caption-overlay-center{\ncolor:#ffffff;\n}\n<\/style>\n<div  class='avia-image-container av-2kgas7-18cbcb22a8da463253a28733168032e0 av-styling- avia-align-center  avia-builder-el-7  avia-builder-el-no-sibling '   itemprop=\"image\" itemscope=\"itemscope\" itemtype=\"https:\/\/schema.org\/ImageObject\" ><div class=\"avia-image-container-inner\"><div class=\"avia-image-overlay-wrap\"><img decoding=\"async\" class='wp-image-1527 avia-img-lazy-loading-not-1527 avia_image ' src=\"https:\/\/stoltenberg-partner.com\/wp-content\/uploads\/2023\/03\/stoltenberg-partner-huge-challenges.jpg\" alt='' title='stoltenberg-partner-huge-challenges'  height=\"800\" width=\"1200\"  itemprop=\"thumbnailUrl\" srcset=\"https:\/\/stoltenberg-partner.com\/wp-content\/uploads\/2023\/03\/stoltenberg-partner-huge-challenges.jpg 1200w, https:\/\/stoltenberg-partner.com\/wp-content\/uploads\/2023\/03\/stoltenberg-partner-huge-challenges-300x200.jpg 300w, https:\/\/stoltenberg-partner.com\/wp-content\/uploads\/2023\/03\/stoltenberg-partner-huge-challenges-1030x687.jpg 1030w, https:\/\/stoltenberg-partner.com\/wp-content\/uploads\/2023\/03\/stoltenberg-partner-huge-challenges-768x512.jpg 768w, https:\/\/stoltenberg-partner.com\/wp-content\/uploads\/2023\/03\/stoltenberg-partner-huge-challenges-705x470.jpg 705w\" sizes=\"(max-width: 1200px) 100vw, 1200px\" \/><\/div><\/div><\/div><\/div><\/div><!--close column table wrapper. Autoclose: 1 -->\n<style type=\"text\/css\" data-created_by=\"avia_inline_auto\" id=\"style-css-av-2ecl27-b3f116d259be29fee22aee61a18d3e0e\">\n#top .hr.hr-invisible.av-2ecl27-b3f116d259be29fee22aee61a18d3e0e{\nheight:75px;\n}\n<\/style>\n<div  class='hr av-2ecl27-b3f116d259be29fee22aee61a18d3e0e hr-invisible  avia-builder-el-8  el_after_av_one_half  el_before_av_one_half  av-small-hide av-mini-hide'><span class='hr-inner '><span class=\"hr-inner-style\"><\/span><\/span><\/div>\n<div class='flex_column_table av-2805an-f8a002f100d4c3649b86aa2350c48c6d sc-av_one_half av-break-at-tablet-flextable av-equal-height-column-flextable'>\n<style type=\"text\/css\" data-created_by=\"avia_inline_auto\" id=\"style-css-av-2805an-f8a002f100d4c3649b86aa2350c48c6d\">\n.flex_column.av-2805an-f8a002f100d4c3649b86aa2350c48c6d{\nborder-radius:0px 0px 0px 0px;\npadding:0px 0px 0px 0px;\n}\n<\/style>\n<div  class='flex_column av-2805an-f8a002f100d4c3649b86aa2350c48c6d av_one_half  avia-builder-el-9  el_after_av_hr  el_before_av_one_half  first av-break-at-tablet flex_column_table_cell av-equal-height-column av-align-middle av-zero-column-padding  '     ><style type=\"text\/css\" data-created_by=\"avia_inline_auto\" id=\"style-css-av-23xvv3-d5d03c7bbdd58efc1dbcc835b1053e06\">\n.avia-image-container.av-23xvv3-d5d03c7bbdd58efc1dbcc835b1053e06 img.avia_image{\nbox-shadow:none;\n}\n.avia-image-container.av-23xvv3-d5d03c7bbdd58efc1dbcc835b1053e06 .av-image-caption-overlay-center{\ncolor:#ffffff;\n}\n<\/style>\n<div  class='avia-image-container av-23xvv3-d5d03c7bbdd58efc1dbcc835b1053e06 av-styling- avia-align-center  avia-builder-el-10  avia-builder-el-no-sibling '   itemprop=\"image\" itemscope=\"itemscope\" itemtype=\"https:\/\/schema.org\/ImageObject\" ><div class=\"avia-image-container-inner\"><div class=\"avia-image-overlay-wrap\"><img decoding=\"async\" class='wp-image-1555 avia-img-lazy-loading-not-1555 avia_image ' src=\"https:\/\/stoltenberg-partner.com\/wp-content\/uploads\/2023\/07\/Stoltenberg-und-Partner-think-different.gif\" alt='' title='Stoltenberg und Partner-think-different'  height=\"837\" width=\"1254\"  itemprop=\"thumbnailUrl\"  \/><\/div><\/div><\/div><\/div><div class='av-flex-placeholder'><\/div>\n<style type=\"text\/css\" data-created_by=\"avia_inline_auto\" id=\"style-css-av-1z18an-e99298b6a14130c4421c574fa3891eb8\">\n.flex_column.av-1z18an-e99298b6a14130c4421c574fa3891eb8{\nborder-radius:0px 0px 0px 0px;\n}\n<\/style>\n<div  class='flex_column av-1z18an-e99298b6a14130c4421c574fa3891eb8 av_one_half  avia-builder-el-11  el_after_av_one_half  el_before_av_hr  av-break-at-tablet flex_column_table_cell av-equal-height-column av-align-middle  '     ><p>\n<style type=\"text\/css\" data-created_by=\"avia_inline_auto\" id=\"style-css-av-m7hr-516c31a3a172bccbbe2fd059a46565af\">\n#top .av-special-heading.av-m7hr-516c31a3a172bccbbe2fd059a46565af{\npadding-bottom:10px;\ncolor:#ffffff;\nfont-size:35px;\n}\nbody .av-special-heading.av-m7hr-516c31a3a172bccbbe2fd059a46565af .av-special-heading-tag .heading-char{\nfont-size:25px;\n}\n#top #wrap_all .av-special-heading.av-m7hr-516c31a3a172bccbbe2fd059a46565af .av-special-heading-tag{\nfont-size:35px;\n}\n.av-special-heading.av-m7hr-516c31a3a172bccbbe2fd059a46565af .special-heading-inner-border{\nborder-color:#ffffff;\n}\n.av-special-heading.av-m7hr-516c31a3a172bccbbe2fd059a46565af .av-subheading{\nfont-size:15px;\n}\n\n@media only screen and (min-width: 480px) and (max-width: 767px){ \n#top #wrap_all .av-special-heading.av-m7hr-516c31a3a172bccbbe2fd059a46565af .av-special-heading-tag{\nfont-size:0.8em;\n}\n}\n\n@media only screen and (max-width: 479px){ \n#top #wrap_all .av-special-heading.av-m7hr-516c31a3a172bccbbe2fd059a46565af .av-special-heading-tag{\nfont-size:0.8em;\n}\n}\n<\/style>\n<div id='2038698e47cbfae923de03bdaf90651e' class='av-special-heading av-m7hr-516c31a3a172bccbbe2fd059a46565af av-special-heading-h2 custom-color-heading blockquote modern-quote  avia-builder-el-12  el_before_av_hr  avia-builder-el-first  av-inherit-size'><h2 class='av-special-heading-tag'  itemprop=\"headline\"  >Uns treibt der Wille an,&#8230;<\/h2><div class=\"special-heading-border\"><div class=\"special-heading-inner-border\"><\/div><\/div><\/div><br \/>\n\n<style type=\"text\/css\" data-created_by=\"avia_inline_auto\" id=\"style-css-av-1jawy7-d6bd00a5d41aabcfc6fee2c9faaf0550\">\n#top .hr.hr-invisible.av-1jawy7-d6bd00a5d41aabcfc6fee2c9faaf0550{\nheight:30px;\n}\n<\/style>\n<div  class='hr av-1jawy7-d6bd00a5d41aabcfc6fee2c9faaf0550 hr-invisible  avia-builder-el-13  el_after_av_heading  el_before_av_textblock '><span class='hr-inner '><span class=\"hr-inner-style\"><\/span><\/span><\/div><br \/>\n<section  class='av_textblock_section av-1hb4uf-0b7f77804c6572e6289b7857e5d081b8 '   itemscope=\"itemscope\" itemtype=\"https:\/\/schema.org\/CreativeWork\" ><div class='avia_textblock av_inherit_color'  itemprop=\"text\" ><p><span style=\"font-size: 14pt;\">&#8230; schwierige Aufgaben zu l\u00f6sen und Ihre Sorgen zu meistern, wo auch immer wir beauftragt werden\u00a0<\/span><\/p>\n<p><span style=\"font-size: 14pt;\">\u2026. unser bew\u00e4hrtes Fachwissen zu nutzen, um Komplexit\u00e4t zu erfassen, wenn andere sich zur\u00fcckziehen\u00a0<\/span><\/p>\n<p><span style=\"font-size: 14pt;\">&#8230; Ihre Arbeitskultur entlang ihrer Unternehmensziele mitzugestalten\u00a0<\/span><\/p>\n<p><span style=\"font-size: 14pt;\">&#8230; zugewiesene Teams im In- und Ausland in Ihrem Auftrag ad interim zu f\u00fchren\u00a0<\/span><\/p>\n<p><span style=\"font-size: 14pt;\">&#8230; Interessenkonflikte zu l\u00f6sen und mit Anspruchsgruppen zielorientiert umzugehen \u00a0<\/span><\/p>\n<\/div><\/section><\/p><\/div><\/div><!--close column table wrapper. Autoclose: 1 -->\n<style type=\"text\/css\" data-created_by=\"avia_inline_auto\" id=\"style-css-av-1az4if-18e2cc9d7851a7c1271f20feffc8e04e\">\n#top .hr.hr-invisible.av-1az4if-18e2cc9d7851a7c1271f20feffc8e04e{\nheight:75px;\n}\n<\/style>\n<div  class='hr av-1az4if-18e2cc9d7851a7c1271f20feffc8e04e hr-invisible  avia-builder-el-15  el_after_av_one_half  el_before_av_one_half  av-small-hide av-mini-hide'><span class='hr-inner '><span class=\"hr-inner-style\"><\/span><\/span><\/div>\n<div class='flex_column_table av-12ydg7-7a2ba192b31238c90c1d55f8604dae73 sc-av_one_half av-equal-height-column-flextable'>\n<style type=\"text\/css\" data-created_by=\"avia_inline_auto\" id=\"style-css-av-12ydg7-7a2ba192b31238c90c1d55f8604dae73\">\n.flex_column.av-12ydg7-7a2ba192b31238c90c1d55f8604dae73{\nborder-radius:0px 0px 0px 0px;\n}\n<\/style>\n<div  class='flex_column av-12ydg7-7a2ba192b31238c90c1d55f8604dae73 av_one_half  avia-builder-el-16  el_after_av_hr  el_before_av_one_half  first flex_column_table_cell av-equal-height-column av-align-middle  '     ><section  class='av_textblock_section av-wsjc7-2da7737c7c5e54d2ebaed269f8f8a952 '   itemscope=\"itemscope\" itemtype=\"https:\/\/schema.org\/CreativeWork\" ><div class='avia_textblock'  itemprop=\"text\" ><h2>M\u00f6chten Sie eine bessere Vorstellung davon bekommen,\u00a0 wie Sie von unserem Fachwissen profitieren k\u00f6nnen?<\/h2>\n<\/div><\/section><br \/>\n\n<style type=\"text\/css\" data-created_by=\"avia_inline_auto\" id=\"style-css-av-tmt7b-d5ae9eb07d43d3c4228b04acae0638ef\">\n#top .hr.hr-invisible.av-tmt7b-d5ae9eb07d43d3c4228b04acae0638ef{\nheight:30px;\n}\n<\/style>\n<div  class='hr av-tmt7b-d5ae9eb07d43d3c4228b04acae0638ef hr-invisible  avia-builder-el-18  el_after_av_textblock  el_before_av_button '><span class='hr-inner '><span class=\"hr-inner-style\"><\/span><\/span><\/div><br \/>\n<div  class='avia-button-wrap av-iyalz-abd7cb7c108f5b339e12a4853e1ade8e-wrap avia-button-left  avia-builder-el-19  el_after_av_hr  avia-builder-el-last '>\n<style type=\"text\/css\" data-created_by=\"avia_inline_auto\" id=\"style-css-av-iyalz-abd7cb7c108f5b339e12a4853e1ade8e\">\n#top #wrap_all .avia-button.av-iyalz-abd7cb7c108f5b339e12a4853e1ade8e{\nbackground-color:#151419;\nborder-color:#151419;\ntransition:all 0.4s ease-in-out;\n}\n#top #wrap_all .avia-button.av-iyalz-abd7cb7c108f5b339e12a4853e1ade8e:hover{\nbackground-color:white;\ncolor:black;\ntransition:all 0.4s ease-in-out;\n}\n<\/style>\n<a href='\/about-us\/#usecase'  class='avia-button av-iyalz-abd7cb7c108f5b339e12a4853e1ade8e avia-icon_select-no avia-size-large avia-position-left avia-font-color-theme-color'  ><span class='avia_iconbox_title' >Sehen Sie sich unseren \"Anwendungsfall\" hier an<\/span><\/a><\/div><\/p><\/div><div class='av-flex-placeholder'><\/div>\n<style type=\"text\/css\" data-created_by=\"avia_inline_auto\" id=\"style-css-av-gyzhb-8017eee7ae90486fa33842d2c0b8d60d\">\n.flex_column.av-gyzhb-8017eee7ae90486fa33842d2c0b8d60d{\nborder-radius:0px 0px 0px 0px;\npadding:0px 0px 0px 0px;\n}\n<\/style>\n<div  class='flex_column av-gyzhb-8017eee7ae90486fa33842d2c0b8d60d av_one_half  avia-builder-el-20  el_after_av_one_half  avia-builder-el-last  flex_column_table_cell av-equal-height-column av-align-middle av-zero-column-padding  '     ><style type=\"text\/css\" data-created_by=\"avia_inline_auto\" id=\"style-css-av-9z8zb-8fe286fd348968cdd5348aa3348c459c\">\n.avia-image-container.av-9z8zb-8fe286fd348968cdd5348aa3348c459c img.avia_image{\nbox-shadow:none;\n}\n.avia-image-container.av-9z8zb-8fe286fd348968cdd5348aa3348c459c .av-image-caption-overlay-center{\ncolor:#ffffff;\n}\n<\/style>\n<div  class='avia-image-container av-9z8zb-8fe286fd348968cdd5348aa3348c459c av-styling- avia-align-center  avia-builder-el-21  avia-builder-el-no-sibling '   itemprop=\"image\" itemscope=\"itemscope\" itemtype=\"https:\/\/schema.org\/ImageObject\" ><div class=\"avia-image-container-inner\"><div class=\"avia-image-overlay-wrap\"><img decoding=\"async\" class='wp-image-1539 avia-img-lazy-loading-not-1539 avia_image ' src=\"https:\/\/stoltenberg-partner.com\/wp-content\/uploads\/2023\/06\/stoltenberg-partner-am-Start-1.jpg\" alt='' title='stoltenberg-partner-am-Start-1'  height=\"799\" width=\"1200\"  itemprop=\"thumbnailUrl\" srcset=\"https:\/\/stoltenberg-partner.com\/wp-content\/uploads\/2023\/06\/stoltenberg-partner-am-Start-1.jpg 1200w, https:\/\/stoltenberg-partner.com\/wp-content\/uploads\/2023\/06\/stoltenberg-partner-am-Start-1-300x200.jpg 300w, https:\/\/stoltenberg-partner.com\/wp-content\/uploads\/2023\/06\/stoltenberg-partner-am-Start-1-1030x686.jpg 1030w, https:\/\/stoltenberg-partner.com\/wp-content\/uploads\/2023\/06\/stoltenberg-partner-am-Start-1-768x511.jpg 768w, https:\/\/stoltenberg-partner.com\/wp-content\/uploads\/2023\/06\/stoltenberg-partner-am-Start-1-705x469.jpg 705w\" sizes=\"(max-width: 1200px) 100vw, 1200px\" \/><\/div><\/div><\/div><\/div><\/div><!--close column table wrapper. Autoclose: 1 --><\/div><\/div><\/div><!-- close content main div --><\/div><\/div><div id='after_section_1'  class='main_color av_default_container_wrap container_wrap sidebar_right'  ><div class='container av-section-cont-open' ><div class='template-page content  av-content-small alpha units'><div class='post-entry post-entry-type-page post-entry-1568'><div class='entry-content-wrapper clearfix'>\n","protected":false},"excerpt":{"rendered":"","protected":false},"author":2,"featured_media":0,"parent":0,"menu_order":0,"comment_status":"closed","ping_status":"closed","template":"","meta":{"footnotes":""},"class_list":["post-1568","page","type-page","status-publish","hentry"],"acf":[],"_links":{"self":[{"href":"https:\/\/stoltenberg-partner.com\/de\/wp-json\/wp\/v2\/pages\/1568","targetHints":{"allow":["GET"]}}],"collection":[{"href":"https:\/\/stoltenberg-partner.com\/de\/wp-json\/wp\/v2\/pages"}],"about":[{"href":"https:\/\/stoltenberg-partner.com\/de\/wp-json\/wp\/v2\/types\/page"}],"author":[{"embeddable":true,"href":"https:\/\/stoltenberg-partner.com\/de\/wp-json\/wp\/v2\/users\/2"}],"replies":[{"embeddable":true,"href":"https:\/\/stoltenberg-partner.com\/de\/wp-json\/wp\/v2\/comments?post=1568"}],"version-history":[{"count":10,"href":"https:\/\/stoltenberg-partner.com\/de\/wp-json\/wp\/v2\/pages\/1568\/revisions"}],"predecessor-version":[{"id":1779,"href":"https:\/\/stoltenberg-partner.com\/de\/wp-json\/wp\/v2\/pages\/1568\/revisions\/1779"}],"wp:attachment":[{"href":"https:\/\/stoltenberg-partner.com\/de\/wp-json\/wp\/v2\/media?parent=1568"}],"curies":[{"name":"wp","href":"https:\/\/api.w.org\/{rel}","templated":true}]}}