{"id":1559,"date":"2023-03-03T10:44:26","date_gmt":"2023-03-03T09:44:26","guid":{"rendered":"https:\/\/stoltenberg-partner.com\/?page_id=1559"},"modified":"2023-11-22T15:29:53","modified_gmt":"2023-11-22T14:29:53","slug":"network","status":"publish","type":"page","link":"https:\/\/stoltenberg-partner.com\/de\/network\/","title":{"rendered":"Network"},"content":{"rendered":"\n<style type=\"text\/css\" data-created_by=\"avia_inline_auto\" id=\"style-css-av-2yqd68-e499266290d5bf43c878a74214faceb6\">\n.avia-section.av-2yqd68-e499266290d5bf43c878a74214faceb6{\nbackground-color:#151419;\nbackground-image:unset;\n}\n<\/style>\n<div id='av_section_1'  class='avia-section av-2yqd68-e499266290d5bf43c878a74214faceb6 main_color avia-section-default avia-no-border-styling  avia-builder-el-0  avia-builder-el-no-sibling  avia-bg-style-scroll container_wrap sidebar_right'  ><div class='container av-section-cont-open' ><main  role=\"main\" itemprop=\"mainContentOfPage\"  class='template-page content  av-content-small alpha units'><div class='post-entry post-entry-type-page post-entry-1559'><div class='entry-content-wrapper clearfix'>\n<div class='flex_column_table av-2pv2ko-34984b1ed53b29f1751b267a8f55adfb sc-av_one_half av-equal-height-column-flextable'>\n<style type=\"text\/css\" data-created_by=\"avia_inline_auto\" id=\"style-css-av-2pv2ko-34984b1ed53b29f1751b267a8f55adfb\">\n.flex_column.av-2pv2ko-34984b1ed53b29f1751b267a8f55adfb{\nborder-radius:0px 0px 0px 0px;\npadding:0px 0px 0px 0px;\n}\n<\/style>\n<div  class='flex_column av-2pv2ko-34984b1ed53b29f1751b267a8f55adfb av_one_half  avia-builder-el-1  el_before_av_one_half  avia-builder-el-first  first flex_column_table_cell av-equal-height-column av-align-middle av-zero-column-padding  '     ><style type=\"text\/css\" data-created_by=\"avia_inline_auto\" id=\"style-css-av-9c0s0-d4f7e44ae8aab0a1528a29b9df64d284\">\n.avia-image-container.av-9c0s0-d4f7e44ae8aab0a1528a29b9df64d284 img.avia_image{\nbox-shadow:none;\n}\n.avia-image-container.av-9c0s0-d4f7e44ae8aab0a1528a29b9df64d284 .av-image-caption-overlay-center{\ncolor:#ffffff;\n}\n<\/style>\n<div  class='avia-image-container av-9c0s0-d4f7e44ae8aab0a1528a29b9df64d284 av-styling- avia-align-center  avia-builder-el-2  avia-builder-el-no-sibling '   itemprop=\"image\" itemscope=\"itemscope\" itemtype=\"https:\/\/schema.org\/ImageObject\" ><div class=\"avia-image-container-inner\"><div class=\"avia-image-overlay-wrap\"><img decoding=\"async\" class='wp-image-1531 avia-img-lazy-loading-not-1531 avia_image ' src=\"https:\/\/stoltenberg-partner.com\/wp-content\/uploads\/2023\/03\/stoltenberg-partner-stretch.jpg\" alt='' title='stoltenberg-partner-stretch'  height=\"800\" width=\"1200\"  itemprop=\"thumbnailUrl\" srcset=\"https:\/\/stoltenberg-partner.com\/wp-content\/uploads\/2023\/03\/stoltenberg-partner-stretch.jpg 1200w, https:\/\/stoltenberg-partner.com\/wp-content\/uploads\/2023\/03\/stoltenberg-partner-stretch-300x200.jpg 300w, https:\/\/stoltenberg-partner.com\/wp-content\/uploads\/2023\/03\/stoltenberg-partner-stretch-1030x687.jpg 1030w, https:\/\/stoltenberg-partner.com\/wp-content\/uploads\/2023\/03\/stoltenberg-partner-stretch-768x512.jpg 768w, https:\/\/stoltenberg-partner.com\/wp-content\/uploads\/2023\/03\/stoltenberg-partner-stretch-705x470.jpg 705w\" sizes=\"(max-width: 1200px) 100vw, 1200px\" \/><\/div><\/div><\/div><\/div><div class='av-flex-placeholder'><\/div>\n<style type=\"text\/css\" data-created_by=\"avia_inline_auto\" id=\"style-css-av-2fdzq8-7e18bfa147846363774fcc0b196f5bd8\">\n.flex_column.av-2fdzq8-7e18bfa147846363774fcc0b196f5bd8{\nborder-radius:0px 0px 0px 0px;\npadding:0px 0px 0px 0px;\n}\n<\/style>\n<div  class='flex_column av-2fdzq8-7e18bfa147846363774fcc0b196f5bd8 av_one_half  avia-builder-el-3  el_after_av_one_half  el_before_av_one_half  flex_column_table_cell av-equal-height-column av-align-middle av-zero-column-padding  '     ><style type=\"text\/css\" data-created_by=\"avia_inline_auto\" id=\"style-css-av-7zo1c-8ed79cb68759ea6572d770a9f4620d06\">\n#top .av-special-heading.av-7zo1c-8ed79cb68759ea6572d770a9f4620d06{\npadding-bottom:10px;\ncolor:#ffffff;\n}\nbody .av-special-heading.av-7zo1c-8ed79cb68759ea6572d770a9f4620d06 .av-special-heading-tag .heading-char{\nfont-size:25px;\n}\n.av-special-heading.av-7zo1c-8ed79cb68759ea6572d770a9f4620d06 .special-heading-inner-border{\nborder-color:#ffffff;\n}\n.av-special-heading.av-7zo1c-8ed79cb68759ea6572d770a9f4620d06 .av-subheading{\nfont-size:15px;\n}\n<\/style>\n<div id='3aa0011fb110039a100cfa07f709024b' class='av-special-heading av-7zo1c-8ed79cb68759ea6572d770a9f4620d06 av-special-heading-h4 custom-color-heading blockquote modern-quote modern-centered  avia-builder-el-4  avia-builder-el-no-sibling '><h4 class='av-special-heading-tag'  itemprop=\"headline\"  >`Founded to transform\u00b4<\/h4><div class=\"special-heading-border\"><div class=\"special-heading-inner-border\"><\/div><\/div><\/div><\/div><\/div><!--close column table wrapper. Autoclose: 1 --><div class='flex_column_table av-22y0ew-57b583a8d454fa8cefa9c23dda7cf11d sc-av_one_half av-break-at-tablet-flextable av-equal-height-column-flextable'>\n<style type=\"text\/css\" data-created_by=\"avia_inline_auto\" id=\"style-css-av-22y0ew-57b583a8d454fa8cefa9c23dda7cf11d\">\n.flex_column.av-22y0ew-57b583a8d454fa8cefa9c23dda7cf11d{\nborder-radius:0px 0px 0px 0px;\npadding:0px 0px 0px 0px;\n}\n<\/style>\n<div  class='flex_column av-22y0ew-57b583a8d454fa8cefa9c23dda7cf11d av_one_half  avia-builder-el-5  el_after_av_one_half  el_before_av_one_half  break1300 first av-break-at-tablet flex_column_table_cell av-equal-height-column av-align-middle av-zero-column-padding  column-top-margin'     ><p>\n<style type=\"text\/css\" data-created_by=\"avia_inline_auto\" id=\"style-css-av-6tnow-6a73c2c682edf8afd31d17614e5c7c65\">\n#top .av-special-heading.av-6tnow-6a73c2c682edf8afd31d17614e5c7c65{\npadding-bottom:10px;\ncolor:#b1d4e3;\n}\nbody .av-special-heading.av-6tnow-6a73c2c682edf8afd31d17614e5c7c65 .av-special-heading-tag .heading-char{\nfont-size:25px;\n}\n.av-special-heading.av-6tnow-6a73c2c682edf8afd31d17614e5c7c65 .special-heading-inner-border{\nborder-color:#b1d4e3;\n}\n.av-special-heading.av-6tnow-6a73c2c682edf8afd31d17614e5c7c65 .av-subheading{\nfont-size:15px;\n}\n<\/style>\n<div id='bfd7a2cd6d30a27f924fbdd7d9a418a6' class='av-special-heading av-6tnow-6a73c2c682edf8afd31d17614e5c7c65 av-special-heading-h2 custom-color-heading blockquote modern-quote  avia-builder-el-6  el_before_av_hr  avia-builder-el-first '><h2 class='av-special-heading-tag'  itemprop=\"headline\"  >Unser Partnernetzwerk<\/h2><div class=\"special-heading-border\"><div class=\"special-heading-inner-border\"><\/div><\/div><\/div><br \/>\n\n<style type=\"text\/css\" data-created_by=\"avia_inline_auto\" id=\"style-css-av-1piau0-cd58d296d1b48f5ef1ed7ff52d3ea564\">\n#top .hr.hr-invisible.av-1piau0-cd58d296d1b48f5ef1ed7ff52d3ea564{\nheight:50px;\n}\n<\/style>\n<div  class='hr av-1piau0-cd58d296d1b48f5ef1ed7ff52d3ea564 hr-invisible  avia-builder-el-7  el_after_av_heading  el_before_av_textblock '><span class='hr-inner '><span class=\"hr-inner-style\"><\/span><\/span><\/div><br \/>\n\n<style type=\"text\/css\" data-created_by=\"avia_inline_auto\" id=\"style-css-av-1lc5qo-2d03f200fdfa709d43352ad116cd10c7\">\n#top .av_textblock_section.av-1lc5qo-2d03f200fdfa709d43352ad116cd10c7 .avia_textblock{\nfont-size:30px;\ncolor:#000000;\n}\n<\/style>\n<section  class='av_textblock_section av-1lc5qo-2d03f200fdfa709d43352ad116cd10c7 '   itemscope=\"itemscope\" itemtype=\"https:\/\/schema.org\/CreativeWork\" ><div class='avia_textblock av_inherit_color'  itemprop=\"text\" ><h2><span style=\"color: #ffffff;\">&#8230;mit Fokus<\/span><\/h2>\n<h2><\/h2>\n<\/div><\/section><br \/>\n\n<style type=\"text\/css\" data-created_by=\"avia_inline_auto\" id=\"style-css-av-1erdtk-c0b31b5d9e68bebdaa2ab8c93bfa7041\">\n#top .hr.hr-invisible.av-1erdtk-c0b31b5d9e68bebdaa2ab8c93bfa7041{\nheight:10px;\n}\n<\/style>\n<div  class='hr av-1erdtk-c0b31b5d9e68bebdaa2ab8c93bfa7041 hr-invisible  avia-builder-el-9  el_after_av_textblock  el_before_av_textblock '><span class='hr-inner '><span class=\"hr-inner-style\"><\/span><\/span><\/div><br \/>\n\n<style type=\"text\/css\" data-created_by=\"avia_inline_auto\" id=\"style-css-av-16eo7c-924d8691bae3ba041cb1b7555508edf7\">\n#top .av_textblock_section.av-16eo7c-924d8691bae3ba041cb1b7555508edf7 .avia_textblock{\nfont-size:30px;\ncolor:#000000;\n}\n<\/style>\n<section  class='av_textblock_section av-16eo7c-924d8691bae3ba041cb1b7555508edf7 '   itemscope=\"itemscope\" itemtype=\"https:\/\/schema.org\/CreativeWork\" ><div class='avia_textblock av_inherit_color'  itemprop=\"text\" ><h3><span style=\"color: #ffffff;\">Das S&amp;P Partnernetzwerk ist ein Pool von ausgew\u00e4hlten Kompetenztr\u00e4gern. Immer bereit, unsere Dienstleistung auf Ihren Bedarf und Anfrage hin um spezifisches Wissen zu erweitern.<\/span><\/h3>\n<h3><span style=\"color: #ffffff;\"><br \/>\nInternationale, einflussreiche F\u00fchrungskr\u00e4fte und leitende Angestellte. Schnell in der Analyse und effektiv in der Umsetzung, in direkter Vertretung Ihrer Interessen.<br \/>\n<\/span><\/h3>\n<h3><\/h3>\n<\/div><\/section><\/p><\/div><div class='av-flex-placeholder'><\/div>\n<style type=\"text\/css\" data-created_by=\"avia_inline_auto\" id=\"style-css-av-10v0pc-c936ee5c6e6cde87d0e063d6e4191b7f\">\n.flex_column.av-10v0pc-c936ee5c6e6cde87d0e063d6e4191b7f{\nborder-radius:0px 0px 0px 0px;\npadding:0px 0px 0px 0px;\n}\n<\/style>\n<div  class='flex_column av-10v0pc-c936ee5c6e6cde87d0e063d6e4191b7f av_one_half  avia-builder-el-11  el_after_av_one_half  el_before_av_one_half  break1300 av-break-at-tablet flex_column_table_cell av-equal-height-column av-align-middle av-zero-column-padding  column-top-margin'     ><section  class='av_textblock_section av-xng7k-9f512fa686e69909a38d413a8430d318 '   itemscope=\"itemscope\" itemtype=\"https:\/\/schema.org\/CreativeWork\" ><div class='avia_textblock'  itemprop=\"text\" ><table class=\"mylist\"><tr>\n\t\t\t\t<td style=\"width: 300px;\">Arbeits- &amp; Vertragsrecht<\/td>\n\t\t\t\t<td>\n\t\t\t\t<span style=\"display:none;\" class=\"title\">Arbeits- &amp; Vertragsrecht<br><\/span><\/td>\n\t\t\t<\/tr><tr>\n\t\t\t\t<td style=\"width: 300px;\">Coaching<\/td>\n\t\t\t\t<td>\n\t\t\t\t<span style=\"display:none;\" class=\"title\">Coaching<br><\/span><\/td>\n\t\t\t<\/tr><tr>\n\t\t\t\t<td style=\"width: 300px;\">F\u00fchrungskr\u00e4fte-Entwicklung<\/td>\n\t\t\t\t<td>\n\t\t\t\t<span style=\"display:none;\" class=\"title\">F\u00fchrungskr\u00e4fte-Entwicklung<br><\/span><\/td>\n\t\t\t<\/tr><tr>\n\t\t\t\t<td style=\"width: 300px;\">Karriereberatung<\/td>\n\t\t\t\t<td>\n\t\t\t\t<span style=\"display:none;\" class=\"title\">Karriereberatung<br><\/span><\/td>\n\t\t\t<\/tr><tr>\n\t\t\t\t<td style=\"width: 300px;\">Logistik, Marketing &amp; Messen<\/td>\n\t\t\t\t<td>\n\t\t\t\t<span style=\"display:none;\" class=\"title\">Logistik, Marketing &amp; Messen<br><\/span><\/td>\n\t\t\t<\/tr><tr>\n\t\t\t\t<td style=\"width: 300px;\">Mergers &amp; Acquisitions<\/td>\n\t\t\t\t<td>\n\t\t\t\t<span style=\"display:none;\" class=\"title\">Mergers &amp; Acquisitions<br><\/span><\/td>\n\t\t\t<\/tr><tr>\n\t\t\t\t<td style=\"width: 300px;\">New-\/Outplacement<\/td>\n\t\t\t\t<td>\n\t\t\t\t<span style=\"display:none;\" class=\"title\">New-\/Outplacement<br><\/span><\/td>\n\t\t\t<\/tr><tr>\n\t\t\t\t<td style=\"width: 300px;\">Org. Entwicklung &amp; Change<\/td>\n\t\t\t\t<td>\n\t\t\t\t<span style=\"display:none;\" class=\"title\">Org. Entwicklung &amp; Change<br><\/span><\/td>\n\t\t\t<\/tr><tr>\n\t\t\t\t<td style=\"width: 300px;\">Qualit\u00e4ts- &amp; Prozess Management<\/td>\n\t\t\t\t<td>\n\t\t\t\t<span style=\"display:none;\" class=\"title\">Qualit\u00e4ts- &amp; Prozess Management<br><\/span><\/td>\n\t\t\t<\/tr><\/table>\n<\/div><\/section><\/div><\/div><!--close column table wrapper. Autoclose: 1 --><div class='flex_column_table av-2fvwo-9ad57c6c844d4f0a5482553c3a05956e sc-av_one_half av-break-at-tablet-flextable av-equal-height-column-flextable'>\n<style type=\"text\/css\" data-created_by=\"avia_inline_auto\" id=\"style-css-av-2fvwo-9ad57c6c844d4f0a5482553c3a05956e\">\n.flex_column.av-2fvwo-9ad57c6c844d4f0a5482553c3a05956e{\nborder-radius:0px 0px 0px 0px;\npadding:0px 0px 0px 0px;\n}\n<\/style>\n<div  class='flex_column av-2fvwo-9ad57c6c844d4f0a5482553c3a05956e av_one_half  avia-builder-el-13  el_after_av_one_half  el_before_av_one_half  first av-break-at-tablet flex_column_table_cell av-equal-height-column av-align-middle av-zero-column-padding  column-top-margin'     ><style type=\"text\/css\" data-created_by=\"avia_inline_auto\" id=\"style-css-av-mhza0-d97ef3c1f7ca9969885859a91c7ec54e\">\n#top .av-special-heading.av-mhza0-d97ef3c1f7ca9969885859a91c7ec54e{\npadding-bottom:10px;\ncolor:#ffffff;\nfont-size:40px;\n}\nbody .av-special-heading.av-mhza0-d97ef3c1f7ca9969885859a91c7ec54e .av-special-heading-tag .heading-char{\nfont-size:25px;\n}\n#top #wrap_all .av-special-heading.av-mhza0-d97ef3c1f7ca9969885859a91c7ec54e .av-special-heading-tag{\nfont-size:40px;\n}\n.av-special-heading.av-mhza0-d97ef3c1f7ca9969885859a91c7ec54e .special-heading-inner-border{\nborder-color:#ffffff;\n}\n.av-special-heading.av-mhza0-d97ef3c1f7ca9969885859a91c7ec54e .av-subheading{\nfont-size:15px;\n}\n\n@media only screen and (min-width: 768px) and (max-width: 989px){ \n#top #wrap_all .av-special-heading.av-mhza0-d97ef3c1f7ca9969885859a91c7ec54e .av-special-heading-tag{\nfont-size:35px;\n}\n}\n\n@media only screen and (min-width: 480px) and (max-width: 767px){ \n#top #wrap_all .av-special-heading.av-mhza0-d97ef3c1f7ca9969885859a91c7ec54e .av-special-heading-tag{\nfont-size:40px;\n}\n}\n\n@media only screen and (max-width: 479px){ \n#top #wrap_all .av-special-heading.av-mhza0-d97ef3c1f7ca9969885859a91c7ec54e .av-special-heading-tag{\nfont-size:35px;\n}\n}\n<\/style>\n<div id='2ef5f7deb1302f8f29efd9f0770f62d8' class='av-special-heading av-mhza0-d97ef3c1f7ca9969885859a91c7ec54e av-special-heading-h2 custom-color-heading blockquote modern-quote modern-centered  avia-builder-el-14  avia-builder-el-no-sibling  lineheight av-inherit-size'><h2 class='av-special-heading-tag'  itemprop=\"headline\"  >M\u00f6chten Sie wissen, wie Ihre L\u00f6sung aus einem anderen Blickwinkel aussehen k\u00f6nnte? <\/h2><div class=\"special-heading-border\"><div class=\"special-heading-inner-border\"><\/div><\/div><\/div><\/div><div class='av-flex-placeholder'><\/div>\n<style type=\"text\/css\" data-created_by=\"avia_inline_auto\" id=\"style-css-av-e5ix4-bf9b042f2f410803835a4c98e39e5c1a\">\n.flex_column.av-e5ix4-bf9b042f2f410803835a4c98e39e5c1a{\nborder-radius:0px 0px 0px 0px;\npadding:0px 0px 0px 0px;\n}\n<\/style>\n<div  class='flex_column av-e5ix4-bf9b042f2f410803835a4c98e39e5c1a av_one_half  avia-builder-el-15  el_after_av_one_half  avia-builder-el-last  av-break-at-tablet flex_column_table_cell av-equal-height-column av-align-middle av-zero-column-padding  column-top-margin'     ><style type=\"text\/css\" data-created_by=\"avia_inline_auto\" id=\"style-css-av-7t4p4-7ea908c94236beb97b36e7b02fb60776\">\n.avia-image-container.av-7t4p4-7ea908c94236beb97b36e7b02fb60776 img.avia_image{\nbox-shadow:none;\n}\n.avia-image-container.av-7t4p4-7ea908c94236beb97b36e7b02fb60776 .av-image-caption-overlay-center{\ncolor:#ffffff;\n}\n<\/style>\n<div  class='avia-image-container av-7t4p4-7ea908c94236beb97b36e7b02fb60776 av-styling- avia-align-center  avia-builder-el-16  avia-builder-el-no-sibling '   itemprop=\"image\" itemscope=\"itemscope\" itemtype=\"https:\/\/schema.org\/ImageObject\" ><div class=\"avia-image-container-inner\"><div class=\"avia-image-overlay-wrap\"><img decoding=\"async\" class='wp-image-1530 avia-img-lazy-loading-not-1530 avia_image ' src=\"https:\/\/stoltenberg-partner.com\/wp-content\/uploads\/2023\/03\/stoltenberg-partner-Bruecke-Bernina.jpg\" alt='' title='stoltenberg-partner-Bruecke-Bernina'  height=\"800\" width=\"1200\"  itemprop=\"thumbnailUrl\" srcset=\"https:\/\/stoltenberg-partner.com\/wp-content\/uploads\/2023\/03\/stoltenberg-partner-Bruecke-Bernina.jpg 1200w, https:\/\/stoltenberg-partner.com\/wp-content\/uploads\/2023\/03\/stoltenberg-partner-Bruecke-Bernina-300x200.jpg 300w, https:\/\/stoltenberg-partner.com\/wp-content\/uploads\/2023\/03\/stoltenberg-partner-Bruecke-Bernina-1030x687.jpg 1030w, https:\/\/stoltenberg-partner.com\/wp-content\/uploads\/2023\/03\/stoltenberg-partner-Bruecke-Bernina-768x512.jpg 768w, https:\/\/stoltenberg-partner.com\/wp-content\/uploads\/2023\/03\/stoltenberg-partner-Bruecke-Bernina-705x470.jpg 705w\" sizes=\"(max-width: 1200px) 100vw, 1200px\" \/><\/div><\/div><\/div><\/div><\/div><!--close column table wrapper. Autoclose: 1 --><\/div><\/div><\/main><!-- close content main element --><\/div><\/div><div id='after_section_1'  class='main_color av_default_container_wrap container_wrap sidebar_right'  ><div class='container av-section-cont-open' ><div class='template-page content  av-content-small alpha units'><div class='post-entry post-entry-type-page post-entry-1559'><div class='entry-content-wrapper clearfix'>\n","protected":false},"excerpt":{"rendered":"","protected":false},"author":2,"featured_media":0,"parent":0,"menu_order":0,"comment_status":"closed","ping_status":"closed","template":"","meta":{"footnotes":""},"class_list":["post-1559","page","type-page","status-publish","hentry"],"acf":[],"_links":{"self":[{"href":"https:\/\/stoltenberg-partner.com\/de\/wp-json\/wp\/v2\/pages\/1559","targetHints":{"allow":["GET"]}}],"collection":[{"href":"https:\/\/stoltenberg-partner.com\/de\/wp-json\/wp\/v2\/pages"}],"about":[{"href":"https:\/\/stoltenberg-partner.com\/de\/wp-json\/wp\/v2\/types\/page"}],"author":[{"embeddable":true,"href":"https:\/\/stoltenberg-partner.com\/de\/wp-json\/wp\/v2\/users\/2"}],"replies":[{"embeddable":true,"href":"https:\/\/stoltenberg-partner.com\/de\/wp-json\/wp\/v2\/comments?post=1559"}],"version-history":[{"count":6,"href":"https:\/\/stoltenberg-partner.com\/de\/wp-json\/wp\/v2\/pages\/1559\/revisions"}],"predecessor-version":[{"id":1877,"href":"https:\/\/stoltenberg-partner.com\/de\/wp-json\/wp\/v2\/pages\/1559\/revisions\/1877"}],"wp:attachment":[{"href":"https:\/\/stoltenberg-partner.com\/de\/wp-json\/wp\/v2\/media?parent=1559"}],"curies":[{"name":"wp","href":"https:\/\/api.w.org\/{rel}","templated":true}]}}