{"id":1556,"date":"2023-07-03T10:27:15","date_gmt":"2023-07-03T08:27:15","guid":{"rendered":"https:\/\/stoltenberg-partner.com\/?page_id=1556"},"modified":"2023-11-22T15:59:26","modified_gmt":"2023-11-22T14:59:26","slug":"stoltenberg-partner","status":"publish","type":"page","link":"https:\/\/stoltenberg-partner.com\/de\/stoltenberg-partner\/","title":{"rendered":"Stoltenberg &#038; Partner"},"content":{"rendered":"<div id='full_slider_1'  class='avia-fullwidth-slider main_color avia-shadow   avia-builder-el-0  el_before_av_section  avia-builder-el-first   container_wrap sidebar_right'  >\n<style type=\"text\/css\" data-created_by=\"avia_inline_auto\" id=\"style-css-av-16aqp7h-ae14066be04d6ce4903f3f018ec56ec5\">\n#top #wrap_all .avia-slideshow .av-slideshow-caption.av-16aqp7h-ae14066be04d6ce4903f3f018ec56ec5__0 .avia-caption-title{\nfont-size:35px;\n}\n#top .avia-slideshow .av-slideshow-caption.av-16aqp7h-ae14066be04d6ce4903f3f018ec56ec5__0 .avia-caption-content{\nfont-size:40px;\n}\n#top .avia-slideshow .av-slideshow-caption.av-16aqp7h-ae14066be04d6ce4903f3f018ec56ec5__0 .avia-caption-content p{\nfont-size:40px;\n}\n<\/style>\n<div  class='avia-slideshow av-16aqp7h-ae14066be04d6ce4903f3f018ec56ec5 avia-slideshow-featured_large av_slideshow_full avia-fade-slider av-slideshow-ui av-control-default av-slideshow-manual av-loop-once av-loop-manual-endless av-default-height-applied   avia-slideshow-1' data-slideshow-options=\"{&quot;animation&quot;:&quot;fade&quot;,&quot;autoplay&quot;:false,&quot;loop_autoplay&quot;:&quot;once&quot;,&quot;interval&quot;:5,&quot;loop_manual&quot;:&quot;manual-endless&quot;,&quot;autoplay_stopper&quot;:false,&quot;noNavigation&quot;:false,&quot;bg_slider&quot;:false,&quot;keep_padding&quot;:false,&quot;hoverpause&quot;:false,&quot;show_slide_delay&quot;:0}\"  itemprop=\"image\" itemscope=\"itemscope\" itemtype=\"https:\/\/schema.org\/ImageObject\" ><ul class='avia-slideshow-inner ' style='padding-bottom: 42%;'><li  class='avia-slideshow-slide av-16aqp7h-ae14066be04d6ce4903f3f018ec56ec5__0  av-single-slide slide-1 slide-odd'><div data-rel='slideshow-1' class='avia-slide-wrap '   ><div class='av-slideshow-caption av-16aqp7h-ae14066be04d6ce4903f3f018ec56ec5__0 caption_fullwidth caption_right'><div class=\"container caption_container\"><div class=\"slideshow_caption\"><div class=\"slideshow_inner_caption\"><div class=\"slideshow_align_caption\"><h2 class='avia-caption-title '  itemprop=\"name\" >International Interim Management &amp; HR-Consulting<\/h2><\/div><\/div><\/div><\/div><\/div><img decoding=\"async\" class=\"wp-image-1543 avia-img-lazy-loading-not-1543\"  src=\"https:\/\/stoltenberg-partner.com\/wp-content\/uploads\/2023\/06\/stoltenberg-und-partner-Mann-Treppe-1500x630.jpg\" width=\"1500\" height=\"630\" title='stoltenberg-und-partner-Mann-Treppe' alt=''  itemprop=\"thumbnailUrl\"  style='min-height:450px; min-width:1072px; ' \/><\/div><\/li><\/ul><\/div><\/div>\n\n<style type=\"text\/css\" data-created_by=\"avia_inline_auto\" id=\"style-css-av-ljqvf6v6-c5258dd58270a1a1d3eb40e9ba316461\">\n.avia-section.av-ljqvf6v6-c5258dd58270a1a1d3eb40e9ba316461{\nbackground-color:#b1d4e3;\nbackground-image:unset;\n}\n<\/style>\n<div id='av_section_1'  class='avia-section av-ljqvf6v6-c5258dd58270a1a1d3eb40e9ba316461 main_color avia-section-default avia-no-border-styling  avia-builder-el-1  el_after_av_slideshow_full  avia-builder-el-last  avia-bg-style-scroll container_wrap sidebar_right'  ><div class='container av-section-cont-open' ><div class='template-page content  av-content-small alpha units'><div class='post-entry post-entry-type-page post-entry-1556'><div class='entry-content-wrapper clearfix'>\n<div class='flex_column_table av-11febu5-90c5ba1ae38c24a9b36b91eb8dfa5e63 sc-av_one_half av-break-at-tablet-flextable av-equal-height-column-flextable'>\n<style type=\"text\/css\" data-created_by=\"avia_inline_auto\" id=\"style-css-av-11febu5-90c5ba1ae38c24a9b36b91eb8dfa5e63\">\n.flex_column.av-11febu5-90c5ba1ae38c24a9b36b91eb8dfa5e63{\nborder-radius:0px 0px 0px 0px;\npadding:50px 50px 50px 50px;\n}\n<\/style>\n<div  class='flex_column av-11febu5-90c5ba1ae38c24a9b36b91eb8dfa5e63 av_one_half  avia-builder-el-2  el_before_av_one_half  avia-builder-el-first  first av-break-at-tablet flex_column_table_cell av-equal-height-column av-align-middle  '     ><p>\n<style type=\"text\/css\" data-created_by=\"avia_inline_auto\" id=\"style-css-av-ljr1w4f3-a5b03e1f55ccc0285b963cd60a0cc7db\">\n#top .av-special-heading.av-ljr1w4f3-a5b03e1f55ccc0285b963cd60a0cc7db{\npadding-bottom:10px;\n}\nbody .av-special-heading.av-ljr1w4f3-a5b03e1f55ccc0285b963cd60a0cc7db .av-special-heading-tag .heading-char{\nfont-size:25px;\n}\n.av-special-heading.av-ljr1w4f3-a5b03e1f55ccc0285b963cd60a0cc7db .av-subheading{\nfont-size:15px;\n}\n<\/style>\n<div id='0cfe3523e9a0fc5720dde80e9d018258' class='av-special-heading av-ljr1w4f3-a5b03e1f55ccc0285b963cd60a0cc7db av-special-heading-h2 blockquote modern-quote  avia-builder-el-3  el_before_av_hr  avia-builder-el-first '><h2 class='av-special-heading-tag'  itemprop=\"headline\"  >Tragen Sie sehr viel Verantwortung? Wollen Sie sich die Dinge einfacher machen?<\/h2><div class=\"special-heading-border\"><div class=\"special-heading-inner-border\"><\/div><\/div><\/div><br \/>\n\n<style type=\"text\/css\" data-created_by=\"avia_inline_auto\" id=\"style-css-av-2nkbal-c3d2f0fdd75f497a22d9c474d3b8e8d6\">\n#top .hr.hr-invisible.av-2nkbal-c3d2f0fdd75f497a22d9c474d3b8e8d6{\nheight:30px;\n}\n<\/style>\n<div  class='hr av-2nkbal-c3d2f0fdd75f497a22d9c474d3b8e8d6 hr-invisible  avia-builder-el-4  el_after_av_heading  el_before_av_heading '><span class='hr-inner '><span class=\"hr-inner-style\"><\/span><\/span><\/div><br \/>\n\n<style type=\"text\/css\" data-created_by=\"avia_inline_auto\" id=\"style-css-av-ljr1x3pv-dd9149af24447037f4c7269189924e11\">\n#top .av-special-heading.av-ljr1x3pv-dd9149af24447037f4c7269189924e11{\npadding-bottom:10px;\n}\nbody .av-special-heading.av-ljr1x3pv-dd9149af24447037f4c7269189924e11 .av-special-heading-tag .heading-char{\nfont-size:25px;\n}\n.av-special-heading.av-ljr1x3pv-dd9149af24447037f4c7269189924e11 .av-subheading{\nfont-size:15px;\n}\n<\/style>\n<div id='27e2cc1054669733693d767e5363212c' class='av-special-heading av-ljr1x3pv-dd9149af24447037f4c7269189924e11 av-special-heading-h2 blockquote modern-quote  avia-builder-el-5  el_after_av_hr  avia-builder-el-last '><h2 class='av-special-heading-tag'  itemprop=\"headline\"  >Wie w\u00e4re es, wenn Sie die komplexen Probleme an jemanden delegieren, der Ihre Idee in die Tat umsetzt? <\/h2><div class=\"special-heading-border\"><div class=\"special-heading-inner-border\"><\/div><\/div><\/div><\/p><\/div><div class='av-flex-placeholder'><\/div>\n<style type=\"text\/css\" data-created_by=\"avia_inline_auto\" id=\"style-css-av-v2wt0d-4c3951ec0e121d49ce18d457c3f49a64\">\n.flex_column.av-v2wt0d-4c3951ec0e121d49ce18d457c3f49a64{\nborder-radius:0px 0px 0px 0px;\npadding:0px 0px 0px 0px;\n}\n<\/style>\n<div  class='flex_column av-v2wt0d-4c3951ec0e121d49ce18d457c3f49a64 av_one_half  avia-builder-el-6  el_after_av_one_half  el_before_av_hr  av-break-at-tablet flex_column_table_cell av-equal-height-column av-align-middle av-zero-column-padding  '     ><style type=\"text\/css\" data-created_by=\"avia_inline_auto\" id=\"style-css-av-ljmhyy3z-b7fe02de473aba80089dbc4c079495b8\">\n.avia-image-container.av-ljmhyy3z-b7fe02de473aba80089dbc4c079495b8 img.avia_image{\nbox-shadow:none;\n}\n.avia-image-container.av-ljmhyy3z-b7fe02de473aba80089dbc4c079495b8 .av-image-caption-overlay-center{\ncolor:#ffffff;\n}\n<\/style>\n<div  class='avia-image-container av-ljmhyy3z-b7fe02de473aba80089dbc4c079495b8 av-styling- avia-align-center  avia-builder-el-7  avia-builder-el-no-sibling '   itemprop=\"image\" itemscope=\"itemscope\" itemtype=\"https:\/\/schema.org\/ImageObject\" ><div class=\"avia-image-container-inner\"><div class=\"avia-image-overlay-wrap\"><img decoding=\"async\" class='wp-image-1527 avia-img-lazy-loading-not-1527 avia_image ' src=\"https:\/\/stoltenberg-partner.com\/wp-content\/uploads\/2023\/03\/stoltenberg-partner-huge-challenges.jpg\" alt='' title='stoltenberg-partner-huge-challenges'  height=\"800\" width=\"1200\"  itemprop=\"thumbnailUrl\" srcset=\"https:\/\/stoltenberg-partner.com\/wp-content\/uploads\/2023\/03\/stoltenberg-partner-huge-challenges.jpg 1200w, https:\/\/stoltenberg-partner.com\/wp-content\/uploads\/2023\/03\/stoltenberg-partner-huge-challenges-300x200.jpg 300w, https:\/\/stoltenberg-partner.com\/wp-content\/uploads\/2023\/03\/stoltenberg-partner-huge-challenges-1030x687.jpg 1030w, https:\/\/stoltenberg-partner.com\/wp-content\/uploads\/2023\/03\/stoltenberg-partner-huge-challenges-768x512.jpg 768w, https:\/\/stoltenberg-partner.com\/wp-content\/uploads\/2023\/03\/stoltenberg-partner-huge-challenges-705x470.jpg 705w\" sizes=\"(max-width: 1200px) 100vw, 1200px\" \/><\/div><\/div><\/div><\/div><\/div><!--close column table wrapper. Autoclose: 1 -->\n<style type=\"text\/css\" data-created_by=\"avia_inline_auto\" id=\"style-css-av-2xtm1p-7c6512d065ba7b914e802ff40a182636\">\n#top .hr.hr-invisible.av-2xtm1p-7c6512d065ba7b914e802ff40a182636{\nheight:75px;\n}\n<\/style>\n<div  class='hr av-2xtm1p-7c6512d065ba7b914e802ff40a182636 hr-invisible  avia-builder-el-8  el_after_av_one_half  el_before_av_one_half  av-small-hide av-mini-hide'><span class='hr-inner '><span class=\"hr-inner-style\"><\/span><\/span><\/div>\n<div class='flex_column_table av-qpk5jh-32ba3d76a6667b0047951e8f6d64062f sc-av_one_half av-break-at-tablet-flextable av-equal-height-column-flextable'>\n<style type=\"text\/css\" data-created_by=\"avia_inline_auto\" id=\"style-css-av-qpk5jh-32ba3d76a6667b0047951e8f6d64062f\">\n.flex_column.av-qpk5jh-32ba3d76a6667b0047951e8f6d64062f{\nborder-radius:0px 0px 0px 0px;\npadding:0px 0px 0px 0px;\n}\n<\/style>\n<div  class='flex_column av-qpk5jh-32ba3d76a6667b0047951e8f6d64062f av_one_half  avia-builder-el-9  el_after_av_hr  el_before_av_one_half  first av-break-at-tablet flex_column_table_cell av-equal-height-column av-align-middle av-zero-column-padding  '     ><style type=\"text\/css\" data-created_by=\"avia_inline_auto\" id=\"style-css-av-ljmhzy7t-bfb0865e001d90facf50fa0dd3dc59d6\">\n.avia-image-container.av-ljmhzy7t-bfb0865e001d90facf50fa0dd3dc59d6 img.avia_image{\nbox-shadow:none;\n}\n.avia-image-container.av-ljmhzy7t-bfb0865e001d90facf50fa0dd3dc59d6 .av-image-caption-overlay-center{\ncolor:#ffffff;\n}\n<\/style>\n<div  class='avia-image-container av-ljmhzy7t-bfb0865e001d90facf50fa0dd3dc59d6 av-styling- avia-align-center  avia-builder-el-10  avia-builder-el-no-sibling '   itemprop=\"image\" itemscope=\"itemscope\" itemtype=\"https:\/\/schema.org\/ImageObject\" ><div class=\"avia-image-container-inner\"><div class=\"avia-image-overlay-wrap\"><img decoding=\"async\" class='wp-image- avia-img-lazy-loading-not- avia_image ' src=\"https:\/\/stoltenberg-partner.com\/wp-content\/uploads\/2023\/06\/Design-ohne-Titel.gif\" alt='' title=''   itemprop=\"thumbnailUrl\"  \/><\/div><\/div><\/div><\/div><div class='av-flex-placeholder'><\/div>\n<style type=\"text\/css\" data-created_by=\"avia_inline_auto\" id=\"style-css-av-2mkazx-1958c197cda25606a1419971f5dd0d39\">\n.flex_column.av-2mkazx-1958c197cda25606a1419971f5dd0d39{\nborder-radius:0px 0px 0px 0px;\npadding:50px 50px 50px 50px;\n}\n<\/style>\n<div  class='flex_column av-2mkazx-1958c197cda25606a1419971f5dd0d39 av_one_half  avia-builder-el-11  el_after_av_one_half  el_before_av_hr  av-break-at-tablet flex_column_table_cell av-equal-height-column av-align-middle  '     ><p>\n<style type=\"text\/css\" data-created_by=\"avia_inline_auto\" id=\"style-css-av-ni0zlp-d392010625bcd1f9c4dc64ed5a122a73\">\n#top .av-special-heading.av-ni0zlp-d392010625bcd1f9c4dc64ed5a122a73{\npadding-bottom:10px;\ncolor:#ffffff;\nfont-size:35px;\n}\nbody .av-special-heading.av-ni0zlp-d392010625bcd1f9c4dc64ed5a122a73 .av-special-heading-tag .heading-char{\nfont-size:25px;\n}\n#top #wrap_all .av-special-heading.av-ni0zlp-d392010625bcd1f9c4dc64ed5a122a73 .av-special-heading-tag{\nfont-size:35px;\n}\n.av-special-heading.av-ni0zlp-d392010625bcd1f9c4dc64ed5a122a73 .special-heading-inner-border{\nborder-color:#ffffff;\n}\n.av-special-heading.av-ni0zlp-d392010625bcd1f9c4dc64ed5a122a73 .av-subheading{\nfont-size:15px;\n}\n\n@media only screen and (min-width: 480px) and (max-width: 767px){ \n#top #wrap_all .av-special-heading.av-ni0zlp-d392010625bcd1f9c4dc64ed5a122a73 .av-special-heading-tag{\nfont-size:0.8em;\n}\n}\n\n@media only screen and (max-width: 479px){ \n#top #wrap_all .av-special-heading.av-ni0zlp-d392010625bcd1f9c4dc64ed5a122a73 .av-special-heading-tag{\nfont-size:0.8em;\n}\n}\n<\/style>\n<div id='187ab6f804fc84a5233dd2f9c6aaa98e' class='av-special-heading av-ni0zlp-d392010625bcd1f9c4dc64ed5a122a73 av-special-heading-h2 custom-color-heading blockquote modern-quote  avia-builder-el-12  el_before_av_hr  avia-builder-el-first  av-inherit-size'><h2 class='av-special-heading-tag'  itemprop=\"headline\"  >Uns treibt der Wille an,&#8230;<\/h2><div class=\"special-heading-border\"><div class=\"special-heading-inner-border\"><\/div><\/div><\/div><br \/>\n\n<style type=\"text\/css\" data-created_by=\"avia_inline_auto\" id=\"style-css-av-mu5pyl-ffd6158b0b79bfe11fca4abd009172c7\">\n#top .hr.hr-invisible.av-mu5pyl-ffd6158b0b79bfe11fca4abd009172c7{\nheight:30px;\n}\n<\/style>\n<div  class='hr av-mu5pyl-ffd6158b0b79bfe11fca4abd009172c7 hr-invisible  avia-builder-el-13  el_after_av_heading  el_before_av_textblock '><span class='hr-inner '><span class=\"hr-inner-style\"><\/span><\/span><\/div><br \/>\n<section  class='av_textblock_section av-l71t0t-b90582d18d977aee0deea85394c9d148 '   itemscope=\"itemscope\" itemtype=\"https:\/\/schema.org\/CreativeWork\" ><div class='avia_textblock av_inherit_color'  itemprop=\"text\" ><p><span style=\"font-size: 14pt;\">&#8230;schwierige Aufgaben zu l\u00f6sen und Ihre Sorgen zu meistern, wo auch immer wir beauftragt werden\u00a0<\/span><\/p>\n<p><span style=\"font-size: 14pt;\">\u2026. unser bew\u00e4hrtes Fachwissen zu nutzen, um Komplexit\u00e4t zu erfassen, wenn andere sich zur\u00fcckziehen\u00a0<\/span><\/p>\n<p><span style=\"font-size: 14pt;\">&#8230;Ihre Arbeitskultur entlang ihrer Unternehmensziele mitzugestalten\u00a0<\/span><\/p>\n<p><span style=\"font-size: 14pt;\">&#8230;zugewiesene Teams im In- und Ausland in Ihrem Auftrag ad interim zu f\u00fchren\u00a0<\/span><\/p>\n<p><span style=\"font-size: 14pt;\">&#8230;Interessenkonflikte zu l\u00f6sen und mit Anspruchsgruppen zielorientiert umzugehen <\/span><\/p>\n<\/div><\/section><\/p><\/div><\/div><!--close column table wrapper. Autoclose: 1 -->\n<style type=\"text\/css\" data-created_by=\"avia_inline_auto\" id=\"style-css-av-ljmnudq5-370693cfa3236adbeaa296933bd2f96f\">\n#top .hr.hr-invisible.av-ljmnudq5-370693cfa3236adbeaa296933bd2f96f{\nheight:75px;\n}\n<\/style>\n<div  class='hr av-ljmnudq5-370693cfa3236adbeaa296933bd2f96f hr-invisible  avia-builder-el-15  el_after_av_one_half  el_before_av_one_half  av-small-hide av-mini-hide'><span class='hr-inner '><span class=\"hr-inner-style\"><\/span><\/span><\/div>\n<div class='flex_column_table av-ga5ph9-9ca4dc4a5b999040901b22c9195a9af9 sc-av_one_half av-equal-height-column-flextable'>\n<style type=\"text\/css\" data-created_by=\"avia_inline_auto\" id=\"style-css-av-ga5ph9-9ca4dc4a5b999040901b22c9195a9af9\">\n.flex_column.av-ga5ph9-9ca4dc4a5b999040901b22c9195a9af9{\nborder-radius:0px 0px 0px 0px;\npadding:50px 50px 50px 50px;\n}\n<\/style>\n<div  class='flex_column av-ga5ph9-9ca4dc4a5b999040901b22c9195a9af9 av_one_half  avia-builder-el-16  el_after_av_hr  el_before_av_one_half  first flex_column_table_cell av-equal-height-column av-align-middle  '     ><section  class='av_textblock_section av-ccpz0d-aa6b2bcdac8bfcc9a4316fe66accb76e '   itemscope=\"itemscope\" itemtype=\"https:\/\/schema.org\/CreativeWork\" ><div class='av-small-hide av-mini-hide avia_textblock'  itemprop=\"text\" ><h2>M\u00f6chten Sie eine bessere Vorstellung davon bekommen, wie Sie von unserem Fachwissen profitieren k\u00f6nnen?<\/h2>\n<\/div><\/section><br \/>\n\n<style type=\"text\/css\" data-created_by=\"avia_inline_auto\" id=\"style-css-av-bhwkql-592aa393b84257c56615ea350c8b3133\">\n#top .hr.hr-invisible.av-bhwkql-592aa393b84257c56615ea350c8b3133{\nheight:30px;\n}\n<\/style>\n<div  class='hr av-bhwkql-592aa393b84257c56615ea350c8b3133 hr-invisible  avia-builder-el-18  el_after_av_textblock  el_before_av_button '><span class='hr-inner '><span class=\"hr-inner-style\"><\/span><\/span><\/div><br \/>\n<div  class='avia-button-wrap av-ljqvr2i5-1158cc9cf718ca4e5f5409b68c157371-wrap avia-button-center  avia-builder-el-19  el_after_av_hr  avia-builder-el-last '>\n<style type=\"text\/css\" data-created_by=\"avia_inline_auto\" id=\"style-css-av-ljqvr2i5-1158cc9cf718ca4e5f5409b68c157371\">\n#top #wrap_all .avia-button.av-ljqvr2i5-1158cc9cf718ca4e5f5409b68c157371{\nbackground-color:#151419;\nborder-color:#151419;\ntransition:all 0.4s ease-in-out;\n}\n#top #wrap_all .avia-button.av-ljqvr2i5-1158cc9cf718ca4e5f5409b68c157371:hover{\nbackground-color:white;\ncolor:black;\ntransition:all 0.4s ease-in-out;\n}\n<\/style>\n<a href=''  class='avia-button av-ljqvr2i5-1158cc9cf718ca4e5f5409b68c157371 avia-icon_select-no avia-size-large avia-position-center avia-font-color-theme-color'  ><span class='avia_iconbox_title' >Sehen Sie sich unseren \"Anwendungsfall\" hier an<\/span><\/a><\/div><\/p><\/div><div class='av-flex-placeholder'><\/div>\n<style type=\"text\/css\" data-created_by=\"avia_inline_auto\" id=\"style-css-av-2ndo3h-72126b9d9eacad0b59679825d8da3b3f\">\n.flex_column.av-2ndo3h-72126b9d9eacad0b59679825d8da3b3f{\nborder-radius:0px 0px 0px 0px;\npadding:0px 0px 0px 0px;\n}\n<\/style>\n<div  class='flex_column av-2ndo3h-72126b9d9eacad0b59679825d8da3b3f av_one_half  avia-builder-el-20  el_after_av_one_half  avia-builder-el-last  flex_column_table_cell av-equal-height-column av-align-middle av-zero-column-padding  '     ><style type=\"text\/css\" data-created_by=\"avia_inline_auto\" id=\"style-css-av-ljmi0w5l-3c6fc451216a706cd44795d180002099\">\n.avia-image-container.av-ljmi0w5l-3c6fc451216a706cd44795d180002099 img.avia_image{\nbox-shadow:none;\n}\n.avia-image-container.av-ljmi0w5l-3c6fc451216a706cd44795d180002099 .av-image-caption-overlay-center{\ncolor:#ffffff;\n}\n<\/style>\n<div  class='avia-image-container av-ljmi0w5l-3c6fc451216a706cd44795d180002099 av-styling- avia-align-center  avia-builder-el-21  avia-builder-el-no-sibling '   itemprop=\"image\" itemscope=\"itemscope\" itemtype=\"https:\/\/schema.org\/ImageObject\" ><div class=\"avia-image-container-inner\"><div class=\"avia-image-overlay-wrap\"><img decoding=\"async\" class='wp-image-1539 avia-img-lazy-loading-not-1539 avia_image ' src=\"https:\/\/stoltenberg-partner.com\/wp-content\/uploads\/2023\/06\/stoltenberg-partner-am-Start-1.jpg\" alt='' title='stoltenberg-partner-am-Start-1'  height=\"799\" width=\"1200\"  itemprop=\"thumbnailUrl\" srcset=\"https:\/\/stoltenberg-partner.com\/wp-content\/uploads\/2023\/06\/stoltenberg-partner-am-Start-1.jpg 1200w, https:\/\/stoltenberg-partner.com\/wp-content\/uploads\/2023\/06\/stoltenberg-partner-am-Start-1-300x200.jpg 300w, https:\/\/stoltenberg-partner.com\/wp-content\/uploads\/2023\/06\/stoltenberg-partner-am-Start-1-1030x686.jpg 1030w, https:\/\/stoltenberg-partner.com\/wp-content\/uploads\/2023\/06\/stoltenberg-partner-am-Start-1-768x511.jpg 768w, https:\/\/stoltenberg-partner.com\/wp-content\/uploads\/2023\/06\/stoltenberg-partner-am-Start-1-705x469.jpg 705w\" sizes=\"(max-width: 1200px) 100vw, 1200px\" \/><\/div><\/div><\/div><\/div><\/div><!--close column table wrapper. Autoclose: 1 --><\/div><\/div><\/div><!-- close content main div --><\/div><\/div><div id='after_section_1'  class='main_color av_default_container_wrap container_wrap sidebar_right'  ><div class='container av-section-cont-open' ><div class='template-page content  av-content-small alpha units'><div class='post-entry post-entry-type-page post-entry-1556'><div class='entry-content-wrapper clearfix'>\n","protected":false},"excerpt":{"rendered":"","protected":false},"author":2,"featured_media":0,"parent":0,"menu_order":0,"comment_status":"closed","ping_status":"closed","template":"","meta":{"footnotes":""},"class_list":["post-1556","page","type-page","status-publish","hentry"],"acf":[],"_links":{"self":[{"href":"https:\/\/stoltenberg-partner.com\/de\/wp-json\/wp\/v2\/pages\/1556","targetHints":{"allow":["GET"]}}],"collection":[{"href":"https:\/\/stoltenberg-partner.com\/de\/wp-json\/wp\/v2\/pages"}],"about":[{"href":"https:\/\/stoltenberg-partner.com\/de\/wp-json\/wp\/v2\/types\/page"}],"author":[{"embeddable":true,"href":"https:\/\/stoltenberg-partner.com\/de\/wp-json\/wp\/v2\/users\/2"}],"replies":[{"embeddable":true,"href":"https:\/\/stoltenberg-partner.com\/de\/wp-json\/wp\/v2\/comments?post=1556"}],"version-history":[{"count":11,"href":"https:\/\/stoltenberg-partner.com\/de\/wp-json\/wp\/v2\/pages\/1556\/revisions"}],"predecessor-version":[{"id":1771,"href":"https:\/\/stoltenberg-partner.com\/de\/wp-json\/wp\/v2\/pages\/1556\/revisions\/1771"}],"wp:attachment":[{"href":"https:\/\/stoltenberg-partner.com\/de\/wp-json\/wp\/v2\/media?parent=1556"}],"curies":[{"name":"wp","href":"https:\/\/api.w.org\/{rel}","templated":true}]}}